{"id":506,"date":"2024-02-22T06:40:12","date_gmt":"2024-02-22T06:40:12","guid":{"rendered":"https:\/\/rabiesintheamericas.com\/?page_id=506"},"modified":"2025-11-06T04:27:57","modified_gmt":"2025-11-06T04:27:57","slug":"steering-committee","status":"publish","type":"page","link":"https:\/\/rabiesintheamericas.com\/es\/steering-committee\/","title":{"rendered":"Comit\u00e9 Directivo"},"content":{"rendered":"<div data-elementor-type=\"wp-page\" data-elementor-id=\"506\" class=\"elementor elementor-506\">\n\t\t\t\t\t\t<section class=\"elementor-section elementor-top-section elementor-element elementor-element-834342e elementor-section-full_width elementor-section-height-default elementor-section-height-default\" data-id=\"834342e\" data-element_type=\"section\" data-e-type=\"section\" data-settings=\"{&quot;background_background&quot;:&quot;gradient&quot;}\">\n\t\t\t\t\t\t<div class=\"elementor-container elementor-column-gap-default\">\n\t\t\t\t\t<div class=\"elementor-column elementor-col-100 elementor-top-column elementor-element elementor-element-5cd645c\" data-id=\"5cd645c\" data-element_type=\"column\" data-e-type=\"column\">\n\t\t\t<div class=\"elementor-widget-wrap elementor-element-populated\">\n\t\t\t\t\t\t<div class=\"elementor-element elementor-element-8bb7d62 elementor-widget elementor-widget-heading\" data-id=\"8bb7d62\" data-element_type=\"widget\" data-e-type=\"widget\" data-widget_type=\"heading.default\">\n\t\t\t\t<div class=\"elementor-widget-container\">\n\t\t\t\t\t<h2 class=\"elementor-heading-title elementor-size-default\">Comit\u00e9 Directivo<\/h2>\t\t\t\t<\/div>\n\t\t\t\t<\/div>\n\t\t\t\t\t<\/div>\n\t\t<\/div>\n\t\t\t\t\t<\/div>\n\t\t<\/section>\n\t\t\t\t<section class=\"elementor-section elementor-top-section elementor-element elementor-element-fb2a661 elementor-section-boxed elementor-section-height-default elementor-section-height-default\" data-id=\"fb2a661\" data-element_type=\"section\" data-e-type=\"section\">\n\t\t\t\t\t\t<div class=\"elementor-container elementor-column-gap-default\">\n\t\t\t\t\t<div class=\"elementor-column elementor-col-100 elementor-top-column elementor-element elementor-element-7fa7e21\" data-id=\"7fa7e21\" data-element_type=\"column\" data-e-type=\"column\">\n\t\t\t<div class=\"elementor-widget-wrap elementor-element-populated\">\n\t\t\t\t\t\t<div class=\"elementor-element elementor-element-d16f591 elementor-widget elementor-widget-heading\" data-id=\"d16f591\" data-element_type=\"widget\" data-e-type=\"widget\" data-widget_type=\"heading.default\">\n\t\t\t\t<div class=\"elementor-widget-container\">\n\t\t\t\t\t<h2 class=\"elementor-heading-title elementor-size-default\">Comit\u00e9 Cient\u00edfico Internacional<\/h2>\t\t\t\t<\/div>\n\t\t\t\t<\/div>\n\t\t\t\t<div class=\"elementor-element elementor-element-90edeef elementor-widget elementor-widget-spacer\" data-id=\"90edeef\" data-element_type=\"widget\" data-e-type=\"widget\" data-widget_type=\"spacer.default\">\n\t\t\t\t<div class=\"elementor-widget-container\">\n\t\t\t\t\t\t\t<div class=\"elementor-spacer\">\n\t\t\t<div class=\"elementor-spacer-inner\"><\/div>\n\t\t<\/div>\n\t\t\t\t\t\t<\/div>\n\t\t\t\t<\/div>\n\t\t\t\t\t<\/div>\n\t\t<\/div>\n\t\t\t\t\t<\/div>\n\t\t<\/section>\n\t\t\t\t<section class=\"elementor-section elementor-top-section elementor-element elementor-element-4df2c1d elementor-section-boxed elementor-section-height-default elementor-section-height-default\" data-id=\"4df2c1d\" data-element_type=\"section\" data-e-type=\"section\">\n\t\t\t\t\t\t<div class=\"elementor-container elementor-column-gap-default\">\n\t\t\t\t\t<div class=\"elementor-column elementor-col-50 elementor-top-column elementor-element elementor-element-48bc255\" data-id=\"48bc255\" data-element_type=\"column\" data-e-type=\"column\">\n\t\t\t<div class=\"elementor-widget-wrap\">\n\t\t\t\t\t\t\t<\/div>\n\t\t<\/div>\n\t\t\t\t<div class=\"elementor-column elementor-col-50 elementor-top-column elementor-element elementor-element-4d72146\" data-id=\"4d72146\" data-element_type=\"column\" data-e-type=\"column\">\n\t\t\t<div class=\"elementor-widget-wrap elementor-element-populated\">\n\t\t\t\t\t\t<div class=\"elementor-element elementor-element-8e4c01c elementor-widget elementor-widget-text-editor\" data-id=\"8e4c01c\" data-element_type=\"widget\" data-e-type=\"widget\" data-widget_type=\"text-editor.default\">\n\t\t\t\t<div class=\"elementor-widget-container\">\n\t\t\t\t\t\t\t\t\t<p><strong><span style=\"color: #bf2a45;\">PRESIDENTE:<\/span><br \/>Carlos Palacios<\/strong><br \/><em>Fundaci\u00f3n Pablo Cassar\u00e1, Instituto de Ciencia y Tecnolog\u00eda Dr. C\u00e9sar Milstein. Ciudad Aut\u00f3noma de Buenos Aires, Argentina. <\/em>Universidad Nacional de Moreno, Moreno, Buenos Aires.<\/p><p><strong><span style=\"color: #bf2a45;\">VICE-PRESIDENTE:<\/span><br \/>Juan Antonio Monta\u00f1o Hirose<\/strong><br \/><em>Experto en Diagn\u00f3stico y Constataci\u00f3n, Virolog\u00eda Hoy. M\u00e9xico.<\/em><\/p><p><strong><span style=\"color: #bf2a45;\">SECRETARIO:<\/span><br \/><\/strong><strong>Amy T. Gilbert<\/strong><em><br \/>Supervisory Research Biologist<br \/>Wildlife Services | National Wildlife Research Center. U.S. Department of Agriculture. Animal and Plant Health Inspection Service, Fort Collins, CO, USA.<\/em><\/p><p><strong><span style=\"color: #bf2a45;\">TESORERA:<\/span><br \/>April D. Davis<\/strong><br \/><em>Wadsworth Center, New York State Department of Health, Albany, New York, USA.<\/em><\/p><p><span style=\"color: #bf2a45;\"><strong>MIEMBROS:<\/strong><\/span><br \/><strong>Ver\u00f3nica Guti\u00e9rrez Cedillo<\/strong><br \/><em>Subdirecci\u00f3n de Zoonosis\/CENAPRECE, Secretar\u00eda de Salud, M\u00e9xico, D.F., M\u00e9xico.<\/em><\/p><p><strong>Jane Megid<\/strong><br \/><em>UNESP-Universidade Estadual Paulista Julio de Mesquita Filho,<br \/>Faculdade de Medicina Veterin\u00e1ria e Zootecnia.Botucatu, SP, Brasil<\/em><\/p><p><strong>Natalia Casas<\/strong><br \/><em>Ministerio de Salud de Argentina, Buenos Aires, Argentina.<\/em><\/p><p><strong>Christine Fehlner-Gardiner<\/strong><br \/><em>Canadian Food Inspection Agency Ottawa, Ontario, Canada.<\/em><\/p><p><strong>Catherine Filejski<\/strong><br \/><em>Canadian Animal Health Institute Guelph, Ontario, Canada.<\/em><\/p><p><strong>Florencia Buteler<\/strong><\/p><p>Instituto de Zoonosis, Departamento de Zoonosis, Direcci\u00f3n de Jurisdicci\u00f3n de Epidemiolog\u00eda, Ministerio de Salud de C\u00f3rdoba. Universidad Nacional de C\u00f3rdoba.<\/p><p><strong>Charles Rupprecht<\/strong><br \/><em>Professor (Adjunct), Auburn University, Auburn, Alabama, USA.<\/em><\/p><p><strong>Alan C. Jackson<\/strong><br \/><em>Department of Clinical Neurosciences (Neurology), University of Calgary, Calgary, Alberta, Canada.<\/em><\/p><p><strong>Eduardo Pacheco de Caldas<\/strong><br \/><em>Rio Grande do Sul Secretariat of Health, State of Rio Grande do Sul, Brazil.<\/em><\/p><p><strong>Marcelo Yoshito Wada<\/strong><br \/><em>Minist\u00e9rio da Sa\u00fade, Secretaria de Vigil\u00e2ncia em Sa\u00fade, Bras\u00edlia, Brazil<\/em><\/p><p><span style=\"color: #bf2a45;\"><strong>MIEMBROS EX OFICIO:<\/strong><\/span><br \/><strong>Luis Lecuona<\/strong><br \/><em>USDA International Services, M\u00e9xico, D.F., M\u00e9xico.<\/em><\/p><p><strong>Baltazar Cort\u00e9s Garc\u00eda<\/strong><br \/><em>Servicio Nacional de Sanidad, Inocuidad y Calidad Agroalimentaria, M\u00e9xico, D.F., M\u00e9xico.<\/em><\/p><p><strong>Peter J. Costa<\/strong><br \/><em>One Health Commission, Apex, North Carolina, USA.<\/em><\/p><p><span style=\"color: #bf2a45;\"><strong>MIEMBROS EM\u00c9RITOS:<\/strong><\/span><br \/><strong>Di\u00f3doro Batalla<\/strong><br \/><strong>Rosely Cerqueira de Oliveira<\/strong><br \/><strong>Dennis Donovan<\/strong><br \/><strong>Susan Nadin-Davis<\/strong><br \/><strong>Chris Nunan<\/strong><br \/><strong>Dennis Slate<br \/>Roly Tinline<br \/>Fernando Vargas Pino<br \/>Alex Wandeler<\/strong><\/p><p><strong>Daniel Cisterna<\/strong><\/p><p><strong>Richard B. Chipman<\/strong><\/p><p><strong>Alberto Contreras Galindo<\/strong><\/p>\t\t\t\t\t\t\t\t<\/div>\n\t\t\t\t<\/div>\n\t\t\t\t\t<\/div>\n\t\t<\/div>\n\t\t\t\t\t<\/div>\n\t\t<\/section>\n\t\t\t\t<\/div>","protected":false},"excerpt":{"rendered":"<p>Steering Committee International Scientific Committee PRESIDENT:Carlos PalaciosFundaci\u00f3n Pablo Cassar\u00e1, Instituto de Ciencia y Tecnolog\u00eda Dr. C\u00e9sar Milstein. Ciudad Aut\u00f3noma de Buenos Aires, Argentina. Universidad Nacional de Moreno, Moreno, Buenos Aires. VICE-PRESIDENT:Juan Antonio Monta\u00f1o HiroseExperto en Diagn\u00f3stico y Constataci\u00f3n, Virolog\u00eda Hoy. M\u00e9xico. SECRETARY:Amy T. GilbertSupervisory Research BiologistWildlife Services | National Wildlife Research Center. U.S. Department of [&hellip;]<\/p>\n","protected":false},"author":1,"featured_media":0,"parent":0,"menu_order":2,"comment_status":"closed","ping_status":"closed","template":"","meta":{"nf_dc_page":"","site-sidebar-layout":"no-sidebar","site-content-layout":"page-builder","ast-site-content-layout":"full-width-container","site-content-style":"default","site-sidebar-style":"default","ast-global-header-display":"","ast-banner-title-visibility":"","ast-main-header-display":"","ast-hfb-above-header-display":"","ast-hfb-below-header-display":"","ast-hfb-mobile-header-display":"","site-post-title":"","ast-breadcrumbs-content":"","ast-featured-img":"disabled","footer-sml-layout":"","ast-disable-related-posts":"","theme-transparent-header-meta":"default","adv-header-id-meta":"","stick-header-meta":"","header-above-stick-meta":"","header-main-stick-meta":"","header-below-stick-meta":"","astra-migrate-meta-layouts":"set","ast-page-background-enabled":"default","ast-page-background-meta":{"desktop":{"background-color":"var(--ast-global-color-4)","background-image":"","background-repeat":"repeat","background-position":"center center","background-size":"auto","background-attachment":"scroll","background-type":"","background-media":"","overlay-type":"","overlay-color":"","overlay-opacity":"","overlay-gradient":""},"tablet":{"background-color":"","background-image":"","background-repeat":"repeat","background-position":"center center","background-size":"auto","background-attachment":"scroll","background-type":"","background-media":"","overlay-type":"","overlay-color":"","overlay-opacity":"","overlay-gradient":""},"mobile":{"background-color":"","background-image":"","background-repeat":"repeat","background-position":"center center","background-size":"auto","background-attachment":"scroll","background-type":"","background-media":"","overlay-type":"","overlay-color":"","overlay-opacity":"","overlay-gradient":""}},"ast-content-background-meta":{"desktop":{"background-color":"var(--ast-global-color-5)","background-image":"","background-repeat":"repeat","background-position":"center center","background-size":"auto","background-attachment":"scroll","background-type":"","background-media":"","overlay-type":"","overlay-color":"","overlay-opacity":"","overlay-gradient":""},"tablet":{"background-color":"var(--ast-global-color-5)","background-image":"","background-repeat":"repeat","background-position":"center center","background-size":"auto","background-attachment":"scroll","background-type":"","background-media":"","overlay-type":"","overlay-color":"","overlay-opacity":"","overlay-gradient":""},"mobile":{"background-color":"var(--ast-global-color-5)","background-image":"","background-repeat":"repeat","background-position":"center center","background-size":"auto","background-attachment":"scroll","background-type":"","background-media":"","overlay-type":"","overlay-color":"","overlay-opacity":"","overlay-gradient":""}},"footnotes":""},"class_list":["post-506","page","type-page","status-publish","hentry"],"_links":{"self":[{"href":"https:\/\/rabiesintheamericas.com\/es\/wp-json\/wp\/v2\/pages\/506","targetHints":{"allow":["GET"]}}],"collection":[{"href":"https:\/\/rabiesintheamericas.com\/es\/wp-json\/wp\/v2\/pages"}],"about":[{"href":"https:\/\/rabiesintheamericas.com\/es\/wp-json\/wp\/v2\/types\/page"}],"author":[{"embeddable":true,"href":"https:\/\/rabiesintheamericas.com\/es\/wp-json\/wp\/v2\/users\/1"}],"replies":[{"embeddable":true,"href":"https:\/\/rabiesintheamericas.com\/es\/wp-json\/wp\/v2\/comments?post=506"}],"version-history":[{"count":8,"href":"https:\/\/rabiesintheamericas.com\/es\/wp-json\/wp\/v2\/pages\/506\/revisions"}],"predecessor-version":[{"id":1406,"href":"https:\/\/rabiesintheamericas.com\/es\/wp-json\/wp\/v2\/pages\/506\/revisions\/1406"}],"wp:attachment":[{"href":"https:\/\/rabiesintheamericas.com\/es\/wp-json\/wp\/v2\/media?parent=506"}],"curies":[{"name":"wp","href":"https:\/\/api.w.org\/{rel}","templated":true}]}}